{"id":373,"date":"2022-09-19T00:45:36","date_gmt":"2022-09-19T00:45:36","guid":{"rendered":"http:\/\/pregma.com.ar\/?page_id=373"},"modified":"2022-09-26T00:09:43","modified_gmt":"2022-09-26T00:09:43","slug":"maquina-fabricadora-de-hielo-en-barra","status":"publish","type":"page","link":"https:\/\/pregma.com.ar\/pt\/maquina-fabricadora-de-hielo-en-barra\/","title":{"rendered":"M\u00c1QUINA DE GELO EM BARRA"},"content":{"rendered":"<div data-elementor-type=\"wp-post\" data-elementor-id=\"373\" class=\"elementor elementor-373\">\n\t\t\t\t\t\t<section class=\"elementor-section elementor-top-section elementor-element elementor-element-883402e elementor-section-full_width elementor-section-content-middle elementor-section-height-min-height elementor-section-height-default elementor-section-items-middle\" data-id=\"883402e\" data-element_type=\"section\" data-e-type=\"section\" data-settings=\"{&quot;background_background&quot;:&quot;classic&quot;}\">\n\t\t\t\t\t\t\t<div class=\"elementor-background-overlay\"><\/div>\n\t\t\t\t\t\t\t<div class=\"elementor-container elementor-column-gap-no\">\n\t\t\t\t\t<div class=\"elementor-column elementor-col-100 elementor-top-column elementor-element elementor-element-683bff7\" data-id=\"683bff7\" data-element_type=\"column\" data-e-type=\"column\">\n\t\t\t<div class=\"elementor-widget-wrap\">\n\t\t\t\t\t\t\t<\/div>\n\t\t<\/div>\n\t\t\t\t\t<\/div>\n\t\t<\/section>\n\t\t\t\t<section class=\"elementor-section elementor-top-section elementor-element elementor-element-9a2544c elementor-section-boxed elementor-section-height-default elementor-section-height-default\" data-id=\"9a2544c\" data-element_type=\"section\" data-e-type=\"section\">\n\t\t\t\t\t\t<div class=\"elementor-container elementor-column-gap-default\">\n\t\t\t\t\t<div class=\"elementor-column elementor-col-100 elementor-top-column elementor-element elementor-element-a889912\" data-id=\"a889912\" data-element_type=\"column\" data-e-type=\"column\">\n\t\t\t<div class=\"elementor-widget-wrap elementor-element-populated\">\n\t\t\t\t\t\t<div class=\"elementor-element elementor-element-96d9c14 elementor-widget elementor-widget-heading\" data-id=\"96d9c14\" data-element_type=\"widget\" data-e-type=\"widget\" data-widget_type=\"heading.default\">\n\t\t\t\t<div class=\"elementor-widget-container\">\n\t\t\t\t\t<h2 class=\"elementor-heading-title elementor-size-default\">M\u00c1QUINA DE GELO EM BARRA<\/h2>\t\t\t\t<\/div>\n\t\t\t\t<\/div>\n\t\t\t\t<div class=\"elementor-element elementor-element-c6cd8e0 elementor-widget elementor-widget-text-editor\" data-id=\"c6cd8e0\" data-element_type=\"widget\" data-e-type=\"widget\" data-widget_type=\"text-editor.default\">\n\t\t\t\t<div class=\"elementor-widget-container\">\n\t\t\t\t\t\t\t\t\t<p>Como de costume, \u00e9 definido por seu espa\u00e7o minimo, em varias capacidades esse gelo \u00e9 muito cobi\u00e7ado pelo grande comprimento apresentado pela barra que est\u00e1 devidamente equipado ideal para bebidas arrefecimento em grandes eventos, conserva\u00e7ao de peixes, refrigerado, padarias, acresentando refrigerados, gastron\u00f3mica, etc.<\/p>\t\t\t\t\t\t\t\t<\/div>\n\t\t\t\t<\/div>\n\t\t\t\t\t<\/div>\n\t\t<\/div>\n\t\t\t\t\t<\/div>\n\t\t<\/section>\n\t\t\t\t<section class=\"elementor-section elementor-top-section elementor-element elementor-element-d74b321 elementor-section-boxed elementor-section-height-default elementor-section-height-default\" data-id=\"d74b321\" data-element_type=\"section\" data-e-type=\"section\">\n\t\t\t\t\t\t<div class=\"elementor-container elementor-column-gap-default\">\n\t\t\t\t\t<div class=\"elementor-column elementor-col-100 elementor-top-column elementor-element elementor-element-858ff71\" data-id=\"858ff71\" data-element_type=\"column\" data-e-type=\"column\">\n\t\t\t<div class=\"elementor-widget-wrap elementor-element-populated\">\n\t\t\t\t\t\t<div class=\"elementor-element elementor-element-c6e065c elementor-widget elementor-widget-html\" data-id=\"c6e065c\" data-element_type=\"widget\" data-e-type=\"widget\" data-widget_type=\"html.default\">\n\t\t\t\t<div class=\"elementor-widget-container\">\n\t\t\t\t\t<table class=\"table table-bordered\">\r\n          <tbody><tr>\r\n            <th>Estrutura<\/th>\r\n            <td>AISI 316L a\u00e7o inoxid\u00e1vel. Soldadura de arg\u00f3n . Isolamento de espuma de polietileno.<\/td>\r\n          <\/tr>\r\n          <tr>\r\n            <th>Compressor<\/th>\r\n            <td>Semi\u00ad-herm\u00e9tico<\/td>\r\n          <\/tr>\r\n          <tr>\r\n            <th>Unidade de condensa\u00e7\u00e3o<\/th>\r\n            <td>Pelo ar ou \u00e1gua. Com ecol\u00f3gica 404A refrigerante.<\/td>\r\n          <\/tr>\r\n          <tr>\r\n            <th>Quadros de distribui\u00e7\u00e3o<\/th>\r\n            <td>Automatizada com disjuntor, prote\u00e7\u00e3o t\u00e9rmica, prote\u00e7\u00e3o de fase , manter o motor e parada de emerg\u00eancia. Com um controlador PLC.<\/td>\r\n          <\/tr>\r\n          <tr>\r\n            <th>Capacidade de produ\u00e7\u00e3o<\/th>\r\n            <td>15, 33 ou 60 moldes de cerca de barras 12-15 kg cada, com capacidade de produ\u00e7\u00e3o de 3 ciclos a cada 24 horas . Em 25 quilogramas . por barra ou a capacidade de produ\u00e7\u00e3o de 2 ciclos de 24 horas . At\u00e9 600 bares em todos os tamanhos. <\/td>\r\n          <\/tr>\r\n        <\/tbody><\/table>\t\t\t\t<\/div>\n\t\t\t\t<\/div>\n\t\t\t\t\t<\/div>\n\t\t<\/div>\n\t\t\t\t\t<\/div>\n\t\t<\/section>\n\t\t\t\t<section class=\"elementor-section elementor-top-section elementor-element elementor-element-5861048 elementor-section-boxed elementor-section-height-default elementor-section-height-default\" data-id=\"5861048\" data-element_type=\"section\" data-e-type=\"section\">\n\t\t\t\t\t\t<div class=\"elementor-container elementor-column-gap-default\">\n\t\t\t\t\t<div class=\"elementor-column elementor-col-33 elementor-top-column elementor-element elementor-element-46d86f0\" data-id=\"46d86f0\" data-element_type=\"column\" data-e-type=\"column\">\n\t\t\t<div class=\"elementor-widget-wrap elementor-element-populated\">\n\t\t\t\t\t\t<div class=\"elementor-element elementor-element-2815526 elementor-widget elementor-widget-button\" data-id=\"2815526\" data-element_type=\"widget\" data-e-type=\"widget\" data-widget_type=\"button.default\">\n\t\t\t\t<div class=\"elementor-widget-container\">\n\t\t\t\t\t\t\t\t\t<div class=\"elementor-button-wrapper\">\n\t\t\t\t\t<a class=\"elementor-button elementor-button-link elementor-size-sm\" href=\"https:\/\/pregma.com.ar\/wp-content\/uploads\/2022\/09\/barras-pdf.pdf\" target=\"_blank\">\n\t\t\t\t\t\t<span class=\"elementor-button-content-wrapper\">\n\t\t\t\t\t\t<span class=\"elementor-button-icon\">\n\t\t\t\t<i aria-hidden=\"true\" class=\"far fa-file-pdf\"><\/i>\t\t\t<\/span>\n\t\t\t\t\t\t\t\t\t<span class=\"elementor-button-text\">Descargar *espa\u00f1ol<\/span>\n\t\t\t\t\t<\/span>\n\t\t\t\t\t<\/a>\n\t\t\t\t<\/div>\n\t\t\t\t\t\t\t\t<\/div>\n\t\t\t\t<\/div>\n\t\t\t\t\t<\/div>\n\t\t<\/div>\n\t\t\t\t<div class=\"elementor-column elementor-col-33 elementor-top-column elementor-element elementor-element-bf045ba\" data-id=\"bf045ba\" data-element_type=\"column\" data-e-type=\"column\">\n\t\t\t<div class=\"elementor-widget-wrap elementor-element-populated\">\n\t\t\t\t\t\t<div class=\"elementor-element elementor-element-acc2f47 elementor-widget elementor-widget-button\" data-id=\"acc2f47\" data-element_type=\"widget\" data-e-type=\"widget\" data-widget_type=\"button.default\">\n\t\t\t\t<div class=\"elementor-widget-container\">\n\t\t\t\t\t\t\t\t\t<div class=\"elementor-button-wrapper\">\n\t\t\t\t\t<a class=\"elementor-button elementor-button-link elementor-size-sm\" href=\"https:\/\/pregma.com.ar\/wp-content\/uploads\/2022\/09\/barra-pdf_pt.pdf\" target=\"_blank\">\n\t\t\t\t\t\t<span class=\"elementor-button-content-wrapper\">\n\t\t\t\t\t\t<span class=\"elementor-button-icon\">\n\t\t\t\t<i aria-hidden=\"true\" class=\"far fa-file-pdf\"><\/i>\t\t\t<\/span>\n\t\t\t\t\t\t\t\t\t<span class=\"elementor-button-text\">Descargar *portug\u00e9s<\/span>\n\t\t\t\t\t<\/span>\n\t\t\t\t\t<\/a>\n\t\t\t\t<\/div>\n\t\t\t\t\t\t\t\t<\/div>\n\t\t\t\t<\/div>\n\t\t\t\t\t<\/div>\n\t\t<\/div>\n\t\t\t\t<div class=\"elementor-column elementor-col-33 elementor-top-column elementor-element elementor-element-0c25d83\" data-id=\"0c25d83\" data-element_type=\"column\" data-e-type=\"column\">\n\t\t\t<div class=\"elementor-widget-wrap elementor-element-populated\">\n\t\t\t\t\t\t<div class=\"elementor-element elementor-element-3b61813 elementor-widget elementor-widget-button\" data-id=\"3b61813\" data-element_type=\"widget\" data-e-type=\"widget\" data-widget_type=\"button.default\">\n\t\t\t\t<div class=\"elementor-widget-container\">\n\t\t\t\t\t\t\t\t\t<div class=\"elementor-button-wrapper\">\n\t\t\t\t\t<a class=\"elementor-button elementor-button-link elementor-size-sm\" href=\"https:\/\/pregma.com.ar\/wp-content\/uploads\/2022\/09\/bar-pdf.pdf\" target=\"_blank\">\n\t\t\t\t\t\t<span class=\"elementor-button-content-wrapper\">\n\t\t\t\t\t\t<span class=\"elementor-button-icon\">\n\t\t\t\t<i aria-hidden=\"true\" class=\"far fa-file-pdf\"><\/i>\t\t\t<\/span>\n\t\t\t\t\t\t\t\t\t<span class=\"elementor-button-text\">Descargar *ingl\u00e9s<\/span>\n\t\t\t\t\t<\/span>\n\t\t\t\t\t<\/a>\n\t\t\t\t<\/div>\n\t\t\t\t\t\t\t\t<\/div>\n\t\t\t\t<\/div>\n\t\t\t\t\t<\/div>\n\t\t<\/div>\n\t\t\t\t\t<\/div>\n\t\t<\/section>\n\t\t\t\t<section class=\"elementor-section elementor-top-section elementor-element elementor-element-1ed8982 elementor-section-boxed elementor-section-height-default elementor-section-height-default\" data-id=\"1ed8982\" data-element_type=\"section\" data-e-type=\"section\">\n\t\t\t\t\t\t<div class=\"elementor-container elementor-column-gap-default\">\n\t\t\t\t\t<div class=\"elementor-column elementor-col-100 elementor-top-column elementor-element elementor-element-9507048\" data-id=\"9507048\" data-element_type=\"column\" data-e-type=\"column\">\n\t\t\t<div class=\"elementor-widget-wrap elementor-element-populated\">\n\t\t\t\t\t\t<div class=\"elementor-element elementor-element-e78405a elementor-widget elementor-widget-heading\" data-id=\"e78405a\" data-element_type=\"widget\" data-e-type=\"widget\" data-widget_type=\"heading.default\">\n\t\t\t\t<div class=\"elementor-widget-container\">\n\t\t\t\t\t<h2 class=\"elementor-heading-title elementor-size-default\">Galeria<\/h2>\t\t\t\t<\/div>\n\t\t\t\t<\/div>\n\t\t\t\t\t<\/div>\n\t\t<\/div>\n\t\t\t\t\t<\/div>\n\t\t<\/section>\n\t\t\t\t<section class=\"elementor-section elementor-top-section elementor-element elementor-element-4281e0f elementor-section-boxed elementor-section-height-default elementor-section-height-default\" data-id=\"4281e0f\" data-element_type=\"section\" data-e-type=\"section\">\n\t\t\t\t\t\t<div class=\"elementor-container elementor-column-gap-default\">\n\t\t\t\t\t<div class=\"elementor-column elementor-col-100 elementor-top-column elementor-element elementor-element-e19fdf2\" data-id=\"e19fdf2\" data-element_type=\"column\" data-e-type=\"column\">\n\t\t\t<div class=\"elementor-widget-wrap elementor-element-populated\">\n\t\t\t\t\t\t<div class=\"elementor-element elementor-element-1f821cb gallery-spacing-custom elementor-widget elementor-widget-image-gallery\" data-id=\"1f821cb\" data-element_type=\"widget\" data-e-type=\"widget\" data-widget_type=\"image-gallery.default\">\n\t\t\t\t<div class=\"elementor-widget-container\">\n\t\t\t\t\t\t\t<div class=\"elementor-image-gallery\">\n\t\t\t<div id='gallery-1' class='gallery galleryid-373 gallery-columns-2 gallery-size-full'><figure class='gallery-item'>\n\t\t\t<div class='gallery-icon landscape'>\n\t\t\t\t<a data-elementor-open-lightbox=\"yes\" data-elementor-lightbox-slideshow=\"1f821cb\" data-e-action-hash=\"#elementor-action%3Aaction%3Dlightbox%26settings%3DeyJpZCI6Mzc5LCJ1cmwiOiJodHRwczpcL1wvcHJlZ21hLmNvbS5hclwvd3AtY29udGVudFwvdXBsb2Fkc1wvMjAyMlwvMDlcL2JhcnJhc18wMy5qcGciLCJzbGlkZXNob3ciOiIxZjgyMWNiIn0%3D\" href='https:\/\/pregma.com.ar\/wp-content\/uploads\/2022\/09\/barras_03.jpg'><img fetchpriority=\"high\" decoding=\"async\" width=\"960\" height=\"720\" src=\"https:\/\/pregma.com.ar\/wp-content\/uploads\/2022\/09\/barras_03.jpg\" class=\"attachment-full size-full\" alt=\"\" srcset=\"https:\/\/pregma.com.ar\/wp-content\/uploads\/2022\/09\/barras_03.jpg 960w, https:\/\/pregma.com.ar\/wp-content\/uploads\/2022\/09\/barras_03-300x225.jpg 300w, https:\/\/pregma.com.ar\/wp-content\/uploads\/2022\/09\/barras_03-768x576.jpg 768w\" sizes=\"(max-width: 960px) 100vw, 960px\" \/><\/a>\n\t\t\t<\/div><\/figure><figure class='gallery-item'>\n\t\t\t<div class='gallery-icon landscape'>\n\t\t\t\t<a data-elementor-open-lightbox=\"yes\" data-elementor-lightbox-slideshow=\"1f821cb\" data-e-action-hash=\"#elementor-action%3Aaction%3Dlightbox%26settings%3DeyJpZCI6MzgwLCJ1cmwiOiJodHRwczpcL1wvcHJlZ21hLmNvbS5hclwvd3AtY29udGVudFwvdXBsb2Fkc1wvMjAyMlwvMDlcL2JhcnJhc18wMi5qcGciLCJzbGlkZXNob3ciOiIxZjgyMWNiIn0%3D\" href='https:\/\/pregma.com.ar\/wp-content\/uploads\/2022\/09\/barras_02.jpg'><img decoding=\"async\" width=\"960\" height=\"720\" src=\"https:\/\/pregma.com.ar\/wp-content\/uploads\/2022\/09\/barras_02.jpg\" class=\"attachment-full size-full\" alt=\"\" srcset=\"https:\/\/pregma.com.ar\/wp-content\/uploads\/2022\/09\/barras_02.jpg 960w, https:\/\/pregma.com.ar\/wp-content\/uploads\/2022\/09\/barras_02-300x225.jpg 300w, https:\/\/pregma.com.ar\/wp-content\/uploads\/2022\/09\/barras_02-768x576.jpg 768w\" sizes=\"(max-width: 960px) 100vw, 960px\" \/><\/a>\n\t\t\t<\/div><\/figure>\n\t\t<\/div>\n\t\t<\/div>\n\t\t\t\t\t\t<\/div>\n\t\t\t\t<\/div>\n\t\t\t\t\t<\/div>\n\t\t<\/div>\n\t\t\t\t\t<\/div>\n\t\t<\/section>\n\t\t\t\t<section class=\"elementor-section elementor-top-section elementor-element elementor-element-75c47b0 elementor-section-boxed elementor-section-height-default elementor-section-height-default\" data-id=\"75c47b0\" data-element_type=\"section\" data-e-type=\"section\">\n\t\t\t\t\t\t<div class=\"elementor-container elementor-column-gap-default\">\n\t\t\t\t\t<div class=\"elementor-column elementor-col-100 elementor-top-column elementor-element elementor-element-f2424fc\" data-id=\"f2424fc\" data-element_type=\"column\" data-e-type=\"column\">\n\t\t\t<div class=\"elementor-widget-wrap elementor-element-populated\">\n\t\t\t\t\t\t<div class=\"elementor-element elementor-element-fc33383 elementor-widget__width-auto elementor-fixed elementor-widget elementor-widget-button\" data-id=\"fc33383\" data-element_type=\"widget\" data-e-type=\"widget\" data-settings=\"{&quot;_position&quot;:&quot;fixed&quot;}\" data-widget_type=\"button.default\">\n\t\t\t\t<div class=\"elementor-widget-container\">\n\t\t\t\t\t\t\t\t\t<div class=\"elementor-button-wrapper\">\n\t\t\t\t\t<a class=\"elementor-button elementor-button-link elementor-size-lg\" href=\"https:\/\/api.whatsapp.com\/send?phone=5492234661010\">\n\t\t\t\t\t\t<span class=\"elementor-button-content-wrapper\">\n\t\t\t\t\t\t<span class=\"elementor-button-icon\">\n\t\t\t\t<i aria-hidden=\"true\" class=\"fab fa-whatsapp\"><\/i>\t\t\t<\/span>\n\t\t\t\t\t\t\t\t<\/span>\n\t\t\t\t\t<\/a>\n\t\t\t\t<\/div>\n\t\t\t\t\t\t\t\t<\/div>\n\t\t\t\t<\/div>\n\t\t\t\t<div class=\"elementor-element elementor-element-7b5f3d4 elementor-align-center elementor-widget__width-auto elementor-fixed elementor-widget elementor-widget-button\" data-id=\"7b5f3d4\" data-element_type=\"widget\" data-e-type=\"widget\" data-settings=\"{&quot;_position&quot;:&quot;fixed&quot;}\" data-widget_type=\"button.default\">\n\t\t\t\t<div class=\"elementor-widget-container\">\n\t\t\t\t\t\t\t\t\t<div class=\"elementor-button-wrapper\">\n\t\t\t\t\t<a class=\"elementor-button elementor-button-link elementor-size-lg\" href=\"tel:542234661010\">\n\t\t\t\t\t\t<span class=\"elementor-button-content-wrapper\">\n\t\t\t\t\t\t<span class=\"elementor-button-icon\">\n\t\t\t\t<i aria-hidden=\"true\" class=\"fas fa-phone-volume\"><\/i>\t\t\t<\/span>\n\t\t\t\t\t\t\t\t<\/span>\n\t\t\t\t\t<\/a>\n\t\t\t\t<\/div>\n\t\t\t\t\t\t\t\t<\/div>\n\t\t\t\t<\/div>\n\t\t\t\t\t<\/div>\n\t\t<\/div>\n\t\t\t\t\t<\/div>\n\t\t<\/section>\n\t\t\t\t<\/div>","protected":false},"excerpt":{"rendered":"<p>M\u00c1QUINA FABRICADORA DE HIELO EN BARRA Como es habitual, se define por su m\u00ednimo espacio, en diversas capacidades. Este hielo es muy anhelado por la gran duraci\u00f3n que presenta la barra, la cual correctamente acondicionada es ideal para el enfriamiento de bebidas en grandes eventos, conservaci\u00f3n de pescado, frigor\u00edficos, panificadoras, agregado de chilled (Paleado de [&hellip;]<\/p>\n","protected":false},"author":1,"featured_media":0,"parent":0,"menu_order":0,"comment_status":"closed","ping_status":"closed","template":"","meta":{"footnotes":""},"class_list":["post-373","page","type-page","status-publish","hentry"],"_links":{"self":[{"href":"https:\/\/pregma.com.ar\/pt\/wp-json\/wp\/v2\/pages\/373","targetHints":{"allow":["GET"]}}],"collection":[{"href":"https:\/\/pregma.com.ar\/pt\/wp-json\/wp\/v2\/pages"}],"about":[{"href":"https:\/\/pregma.com.ar\/pt\/wp-json\/wp\/v2\/types\/page"}],"author":[{"embeddable":true,"href":"https:\/\/pregma.com.ar\/pt\/wp-json\/wp\/v2\/users\/1"}],"replies":[{"embeddable":true,"href":"https:\/\/pregma.com.ar\/pt\/wp-json\/wp\/v2\/comments?post=373"}],"version-history":[{"count":28,"href":"https:\/\/pregma.com.ar\/pt\/wp-json\/wp\/v2\/pages\/373\/revisions"}],"predecessor-version":[{"id":824,"href":"https:\/\/pregma.com.ar\/pt\/wp-json\/wp\/v2\/pages\/373\/revisions\/824"}],"wp:attachment":[{"href":"https:\/\/pregma.com.ar\/pt\/wp-json\/wp\/v2\/media?parent=373"}],"curies":[{"name":"wp","href":"https:\/\/api.w.org\/{rel}","templated":true}]}}