{"id":415,"date":"2022-09-19T01:11:54","date_gmt":"2022-09-19T01:11:54","guid":{"rendered":"http:\/\/pregma.com.ar\/?page_id=415"},"modified":"2022-09-26T00:15:10","modified_gmt":"2022-09-26T00:15:10","slug":"camaras-y-mini-camaras-frigorificas-modulares","status":"publish","type":"page","link":"https:\/\/pregma.com.ar\/pt\/camaras-y-mini-camaras-frigorificas-modulares\/","title":{"rendered":"C\u00c2MARA E MINI-FRIO MODULAR"},"content":{"rendered":"<div data-elementor-type=\"wp-post\" data-elementor-id=\"415\" class=\"elementor elementor-415\">\n\t\t\t\t\t\t<section class=\"elementor-section elementor-top-section elementor-element elementor-element-883402e elementor-section-full_width elementor-section-content-middle elementor-section-height-min-height elementor-section-height-default elementor-section-items-middle\" data-id=\"883402e\" data-element_type=\"section\" data-e-type=\"section\" data-settings=\"{&quot;background_background&quot;:&quot;classic&quot;}\">\n\t\t\t\t\t\t\t<div class=\"elementor-background-overlay\"><\/div>\n\t\t\t\t\t\t\t<div class=\"elementor-container elementor-column-gap-no\">\n\t\t\t\t\t<div class=\"elementor-column elementor-col-100 elementor-top-column elementor-element elementor-element-683bff7\" data-id=\"683bff7\" data-element_type=\"column\" data-e-type=\"column\">\n\t\t\t<div class=\"elementor-widget-wrap\">\n\t\t\t\t\t\t\t<\/div>\n\t\t<\/div>\n\t\t\t\t\t<\/div>\n\t\t<\/section>\n\t\t\t\t<section class=\"elementor-section elementor-top-section elementor-element elementor-element-9a2544c elementor-section-boxed elementor-section-height-default elementor-section-height-default\" data-id=\"9a2544c\" data-element_type=\"section\" data-e-type=\"section\">\n\t\t\t\t\t\t<div class=\"elementor-container elementor-column-gap-default\">\n\t\t\t\t\t<div class=\"elementor-column elementor-col-100 elementor-top-column elementor-element elementor-element-a889912\" data-id=\"a889912\" data-element_type=\"column\" data-e-type=\"column\">\n\t\t\t<div class=\"elementor-widget-wrap elementor-element-populated\">\n\t\t\t\t\t\t<div class=\"elementor-element elementor-element-96d9c14 elementor-widget elementor-widget-heading\" data-id=\"96d9c14\" data-element_type=\"widget\" data-e-type=\"widget\" data-widget_type=\"heading.default\">\n\t\t\t\t<div class=\"elementor-widget-container\">\n\t\t\t\t\t<h2 class=\"elementor-heading-title elementor-size-default\">C\u00c2MARA E MINI-FRIO MODULAR<\/h2>\t\t\t\t<\/div>\n\t\t\t\t<\/div>\n\t\t\t\t<div class=\"elementor-element elementor-element-c6cd8e0 elementor-widget elementor-widget-text-editor\" data-id=\"c6cd8e0\" data-element_type=\"widget\" data-e-type=\"widget\" data-widget_type=\"text-editor.default\">\n\t\t\t\t<div class=\"elementor-widget-container\">\n\t\t\t\t\t\t\t\t\t<p>Isolamento de poliuretano injectado para a temperatura m\u00e9dia e baixa.<\/p><p>Armaz\u00e9ns e gabinetes refrigerados e bolsos t\u00e9rmico. Balan\u00e7ar porta deslizante e c\u00e1maras.<\/p><p>Equipamentos de refrigera\u00e7ao central frio compacto.<\/p><p>Em todos os tamanhos e capacidades coloca\u00e7ao de um armazenamento a frio PREGMA \u00e9 uma opera\u00e7ao muito simples e r\u00e1pido, projectado para a conveni\u00eancia, simplicidade e bom desempenho.<\/p>\t\t\t\t\t\t\t\t<\/div>\n\t\t\t\t<\/div>\n\t\t\t\t\t<\/div>\n\t\t<\/div>\n\t\t\t\t\t<\/div>\n\t\t<\/section>\n\t\t\t\t<section class=\"elementor-section elementor-top-section elementor-element elementor-element-1ed8982 elementor-section-boxed elementor-section-height-default elementor-section-height-default\" data-id=\"1ed8982\" data-element_type=\"section\" data-e-type=\"section\">\n\t\t\t\t\t\t<div class=\"elementor-container elementor-column-gap-default\">\n\t\t\t\t\t<div class=\"elementor-column elementor-col-100 elementor-top-column elementor-element elementor-element-9507048\" data-id=\"9507048\" data-element_type=\"column\" data-e-type=\"column\">\n\t\t\t<div class=\"elementor-widget-wrap elementor-element-populated\">\n\t\t\t\t\t\t<div class=\"elementor-element elementor-element-e78405a elementor-widget elementor-widget-heading\" data-id=\"e78405a\" data-element_type=\"widget\" data-e-type=\"widget\" data-widget_type=\"heading.default\">\n\t\t\t\t<div class=\"elementor-widget-container\">\n\t\t\t\t\t<h2 class=\"elementor-heading-title elementor-size-default\">Galeria<\/h2>\t\t\t\t<\/div>\n\t\t\t\t<\/div>\n\t\t\t\t\t<\/div>\n\t\t<\/div>\n\t\t\t\t\t<\/div>\n\t\t<\/section>\n\t\t\t\t<section class=\"elementor-section elementor-top-section elementor-element elementor-element-4281e0f elementor-section-boxed elementor-section-height-default elementor-section-height-default\" data-id=\"4281e0f\" data-element_type=\"section\" data-e-type=\"section\">\n\t\t\t\t\t\t<div class=\"elementor-container elementor-column-gap-default\">\n\t\t\t\t\t<div class=\"elementor-column elementor-col-100 elementor-top-column elementor-element elementor-element-e19fdf2\" data-id=\"e19fdf2\" data-element_type=\"column\" data-e-type=\"column\">\n\t\t\t<div class=\"elementor-widget-wrap elementor-element-populated\">\n\t\t\t\t\t\t<div class=\"elementor-element elementor-element-1f821cb gallery-spacing-custom elementor-widget elementor-widget-image-gallery\" data-id=\"1f821cb\" data-element_type=\"widget\" data-e-type=\"widget\" data-widget_type=\"image-gallery.default\">\n\t\t\t\t<div class=\"elementor-widget-container\">\n\t\t\t\t\t\t\t<div class=\"elementor-image-gallery\">\n\t\t\t<div id='gallery-1' class='gallery galleryid-415 gallery-columns-2 gallery-size-full'><figure class='gallery-item'>\n\t\t\t<div class='gallery-icon landscape'>\n\t\t\t\t<a data-elementor-open-lightbox=\"yes\" data-elementor-lightbox-slideshow=\"1f821cb\" data-e-action-hash=\"#elementor-action%3Aaction%3Dlightbox%26settings%3DeyJpZCI6NDI0LCJ1cmwiOiJodHRwczpcL1wvcHJlZ21hLmNvbS5hclwvd3AtY29udGVudFwvdXBsb2Fkc1wvMjAyMlwvMDlcL0lNR185NzUwLmpwZyIsInNsaWRlc2hvdyI6IjFmODIxY2IifQ%3D%3D\" href='https:\/\/pregma.com.ar\/wp-content\/uploads\/2022\/09\/IMG_9750.jpg'><img fetchpriority=\"high\" decoding=\"async\" width=\"1280\" height=\"720\" src=\"https:\/\/pregma.com.ar\/wp-content\/uploads\/2022\/09\/IMG_9750.jpg\" class=\"attachment-full size-full\" alt=\"\" srcset=\"https:\/\/pregma.com.ar\/wp-content\/uploads\/2022\/09\/IMG_9750.jpg 1280w, https:\/\/pregma.com.ar\/wp-content\/uploads\/2022\/09\/IMG_9750-300x169.jpg 300w, https:\/\/pregma.com.ar\/wp-content\/uploads\/2022\/09\/IMG_9750-1024x576.jpg 1024w, https:\/\/pregma.com.ar\/wp-content\/uploads\/2022\/09\/IMG_9750-768x432.jpg 768w\" sizes=\"(max-width: 1280px) 100vw, 1280px\" \/><\/a>\n\t\t\t<\/div><\/figure><figure class='gallery-item'>\n\t\t\t<div class='gallery-icon landscape'>\n\t\t\t\t<a data-elementor-open-lightbox=\"yes\" data-elementor-lightbox-slideshow=\"1f821cb\" data-e-action-hash=\"#elementor-action%3Aaction%3Dlightbox%26settings%3DeyJpZCI6NDI1LCJ1cmwiOiJodHRwczpcL1wvcHJlZ21hLmNvbS5hclwvd3AtY29udGVudFwvdXBsb2Fkc1wvMjAyMlwvMDlcL0lNR185NzUxLmpwZyIsInNsaWRlc2hvdyI6IjFmODIxY2IifQ%3D%3D\" href='https:\/\/pregma.com.ar\/wp-content\/uploads\/2022\/09\/IMG_9751.jpg'><img decoding=\"async\" width=\"1280\" height=\"720\" src=\"https:\/\/pregma.com.ar\/wp-content\/uploads\/2022\/09\/IMG_9751.jpg\" class=\"attachment-full size-full\" alt=\"\" srcset=\"https:\/\/pregma.com.ar\/wp-content\/uploads\/2022\/09\/IMG_9751.jpg 1280w, https:\/\/pregma.com.ar\/wp-content\/uploads\/2022\/09\/IMG_9751-300x169.jpg 300w, https:\/\/pregma.com.ar\/wp-content\/uploads\/2022\/09\/IMG_9751-1024x576.jpg 1024w, https:\/\/pregma.com.ar\/wp-content\/uploads\/2022\/09\/IMG_9751-768x432.jpg 768w\" sizes=\"(max-width: 1280px) 100vw, 1280px\" \/><\/a>\n\t\t\t<\/div><\/figure><figure class='gallery-item'>\n\t\t\t<div class='gallery-icon landscape'>\n\t\t\t\t<a data-elementor-open-lightbox=\"yes\" data-elementor-lightbox-slideshow=\"1f821cb\" data-e-action-hash=\"#elementor-action%3Aaction%3Dlightbox%26settings%3DeyJpZCI6NDI2LCJ1cmwiOiJodHRwczpcL1wvcHJlZ21hLmNvbS5hclwvd3AtY29udGVudFwvdXBsb2Fkc1wvMjAyMlwvMDlcL0lNR185NzUyLmpwZyIsInNsaWRlc2hvdyI6IjFmODIxY2IifQ%3D%3D\" href='https:\/\/pregma.com.ar\/wp-content\/uploads\/2022\/09\/IMG_9752.jpg'><img decoding=\"async\" width=\"1280\" height=\"720\" src=\"https:\/\/pregma.com.ar\/wp-content\/uploads\/2022\/09\/IMG_9752.jpg\" class=\"attachment-full size-full\" alt=\"\" srcset=\"https:\/\/pregma.com.ar\/wp-content\/uploads\/2022\/09\/IMG_9752.jpg 1280w, https:\/\/pregma.com.ar\/wp-content\/uploads\/2022\/09\/IMG_9752-300x169.jpg 300w, https:\/\/pregma.com.ar\/wp-content\/uploads\/2022\/09\/IMG_9752-1024x576.jpg 1024w, https:\/\/pregma.com.ar\/wp-content\/uploads\/2022\/09\/IMG_9752-768x432.jpg 768w\" sizes=\"(max-width: 1280px) 100vw, 1280px\" \/><\/a>\n\t\t\t<\/div><\/figure><figure class='gallery-item'>\n\t\t\t<div class='gallery-icon landscape'>\n\t\t\t\t<a data-elementor-open-lightbox=\"yes\" data-elementor-lightbox-slideshow=\"1f821cb\" data-e-action-hash=\"#elementor-action%3Aaction%3Dlightbox%26settings%3DeyJpZCI6NDI3LCJ1cmwiOiJodHRwczpcL1wvcHJlZ21hLmNvbS5hclwvd3AtY29udGVudFwvdXBsb2Fkc1wvMjAyMlwvMDlcL0lNR185NzU0LmpwZyIsInNsaWRlc2hvdyI6IjFmODIxY2IifQ%3D%3D\" href='https:\/\/pregma.com.ar\/wp-content\/uploads\/2022\/09\/IMG_9754.jpg'><img loading=\"lazy\" decoding=\"async\" width=\"1280\" height=\"720\" src=\"https:\/\/pregma.com.ar\/wp-content\/uploads\/2022\/09\/IMG_9754.jpg\" class=\"attachment-full size-full\" alt=\"\" srcset=\"https:\/\/pregma.com.ar\/wp-content\/uploads\/2022\/09\/IMG_9754.jpg 1280w, https:\/\/pregma.com.ar\/wp-content\/uploads\/2022\/09\/IMG_9754-300x169.jpg 300w, https:\/\/pregma.com.ar\/wp-content\/uploads\/2022\/09\/IMG_9754-1024x576.jpg 1024w, https:\/\/pregma.com.ar\/wp-content\/uploads\/2022\/09\/IMG_9754-768x432.jpg 768w\" sizes=\"(max-width: 1280px) 100vw, 1280px\" \/><\/a>\n\t\t\t<\/div><\/figure><figure class='gallery-item'>\n\t\t\t<div class='gallery-icon landscape'>\n\t\t\t\t<a data-elementor-open-lightbox=\"yes\" data-elementor-lightbox-slideshow=\"1f821cb\" data-e-action-hash=\"#elementor-action%3Aaction%3Dlightbox%26settings%3DeyJpZCI6NDIzLCJ1cmwiOiJodHRwczpcL1wvcHJlZ21hLmNvbS5hclwvd3AtY29udGVudFwvdXBsb2Fkc1wvMjAyMlwvMDlcL0lNR18yMDg2LUxhcmdlLmpwZyIsInNsaWRlc2hvdyI6IjFmODIxY2IifQ%3D%3D\" href='https:\/\/pregma.com.ar\/wp-content\/uploads\/2022\/09\/IMG_2086-Large.jpg'><img loading=\"lazy\" decoding=\"async\" width=\"1024\" height=\"768\" src=\"https:\/\/pregma.com.ar\/wp-content\/uploads\/2022\/09\/IMG_2086-Large.jpg\" class=\"attachment-full size-full\" alt=\"\" srcset=\"https:\/\/pregma.com.ar\/wp-content\/uploads\/2022\/09\/IMG_2086-Large.jpg 1024w, https:\/\/pregma.com.ar\/wp-content\/uploads\/2022\/09\/IMG_2086-Large-300x225.jpg 300w, https:\/\/pregma.com.ar\/wp-content\/uploads\/2022\/09\/IMG_2086-Large-768x576.jpg 768w\" sizes=\"(max-width: 1024px) 100vw, 1024px\" \/><\/a>\n\t\t\t<\/div><\/figure>\n\t\t<\/div>\n\t\t<\/div>\n\t\t\t\t\t\t<\/div>\n\t\t\t\t<\/div>\n\t\t\t\t\t<\/div>\n\t\t<\/div>\n\t\t\t\t\t<\/div>\n\t\t<\/section>\n\t\t\t\t<section class=\"elementor-section elementor-top-section elementor-element elementor-element-75c47b0 elementor-section-boxed elementor-section-height-default elementor-section-height-default\" data-id=\"75c47b0\" data-element_type=\"section\" data-e-type=\"section\">\n\t\t\t\t\t\t<div class=\"elementor-container elementor-column-gap-default\">\n\t\t\t\t\t<div class=\"elementor-column elementor-col-100 elementor-top-column elementor-element elementor-element-f2424fc\" data-id=\"f2424fc\" data-element_type=\"column\" data-e-type=\"column\">\n\t\t\t<div class=\"elementor-widget-wrap elementor-element-populated\">\n\t\t\t\t\t\t<div class=\"elementor-element elementor-element-fc33383 elementor-widget__width-auto elementor-fixed elementor-widget elementor-widget-button\" data-id=\"fc33383\" data-element_type=\"widget\" data-e-type=\"widget\" data-settings=\"{&quot;_position&quot;:&quot;fixed&quot;}\" data-widget_type=\"button.default\">\n\t\t\t\t<div class=\"elementor-widget-container\">\n\t\t\t\t\t\t\t\t\t<div class=\"elementor-button-wrapper\">\n\t\t\t\t\t<a class=\"elementor-button elementor-button-link elementor-size-lg\" href=\"https:\/\/api.whatsapp.com\/send?phone=5492234661010\">\n\t\t\t\t\t\t<span class=\"elementor-button-content-wrapper\">\n\t\t\t\t\t\t<span class=\"elementor-button-icon\">\n\t\t\t\t<i aria-hidden=\"true\" class=\"fab fa-whatsapp\"><\/i>\t\t\t<\/span>\n\t\t\t\t\t\t\t\t<\/span>\n\t\t\t\t\t<\/a>\n\t\t\t\t<\/div>\n\t\t\t\t\t\t\t\t<\/div>\n\t\t\t\t<\/div>\n\t\t\t\t<div class=\"elementor-element elementor-element-7b5f3d4 elementor-align-center elementor-widget__width-auto elementor-fixed elementor-widget elementor-widget-button\" data-id=\"7b5f3d4\" data-element_type=\"widget\" data-e-type=\"widget\" data-settings=\"{&quot;_position&quot;:&quot;fixed&quot;}\" data-widget_type=\"button.default\">\n\t\t\t\t<div class=\"elementor-widget-container\">\n\t\t\t\t\t\t\t\t\t<div class=\"elementor-button-wrapper\">\n\t\t\t\t\t<a class=\"elementor-button elementor-button-link elementor-size-lg\" href=\"tel:542234661010\">\n\t\t\t\t\t\t<span class=\"elementor-button-content-wrapper\">\n\t\t\t\t\t\t<span class=\"elementor-button-icon\">\n\t\t\t\t<i aria-hidden=\"true\" class=\"fas fa-phone-volume\"><\/i>\t\t\t<\/span>\n\t\t\t\t\t\t\t\t<\/span>\n\t\t\t\t\t<\/a>\n\t\t\t\t<\/div>\n\t\t\t\t\t\t\t\t<\/div>\n\t\t\t\t<\/div>\n\t\t\t\t\t<\/div>\n\t\t<\/div>\n\t\t\t\t\t<\/div>\n\t\t<\/section>\n\t\t\t\t<\/div>","protected":false},"excerpt":{"rendered":"<p>C\u00c1MARAS Y MINI C\u00c1MARAS FRIGOR\u00cdFICAS MODULARES Aislamiento de poliuretano inyectado para media y baja temperatura. Galpones frigor\u00edficos y cerramientos t\u00e9rmicos. Puerta y troneras de c\u00e1maras, batientes y corredizas. Equipos compactos de refrigeraci\u00f3n central de fr\u00edo. En todas la medidas y capacidades. El montaje de una c\u00e1mara frigor\u00edfica PREGMA es una operaci\u00f3n muy simple y r\u00e1pida, [&hellip;]<\/p>\n","protected":false},"author":1,"featured_media":0,"parent":0,"menu_order":0,"comment_status":"closed","ping_status":"closed","template":"","meta":{"footnotes":""},"class_list":["post-415","page","type-page","status-publish","hentry"],"_links":{"self":[{"href":"https:\/\/pregma.com.ar\/pt\/wp-json\/wp\/v2\/pages\/415","targetHints":{"allow":["GET"]}}],"collection":[{"href":"https:\/\/pregma.com.ar\/pt\/wp-json\/wp\/v2\/pages"}],"about":[{"href":"https:\/\/pregma.com.ar\/pt\/wp-json\/wp\/v2\/types\/page"}],"author":[{"embeddable":true,"href":"https:\/\/pregma.com.ar\/pt\/wp-json\/wp\/v2\/users\/1"}],"replies":[{"embeddable":true,"href":"https:\/\/pregma.com.ar\/pt\/wp-json\/wp\/v2\/comments?post=415"}],"version-history":[{"count":83,"href":"https:\/\/pregma.com.ar\/pt\/wp-json\/wp\/v2\/pages\/415\/revisions"}],"predecessor-version":[{"id":833,"href":"https:\/\/pregma.com.ar\/pt\/wp-json\/wp\/v2\/pages\/415\/revisions\/833"}],"wp:attachment":[{"href":"https:\/\/pregma.com.ar\/pt\/wp-json\/wp\/v2\/media?parent=415"}],"curies":[{"name":"wp","href":"https:\/\/api.w.org\/{rel}","templated":true}]}}