{"id":440,"date":"2022-09-19T01:22:12","date_gmt":"2022-09-19T01:22:12","guid":{"rendered":"http:\/\/pregma.com.ar\/?page_id=440"},"modified":"2022-09-25T23:54:32","modified_gmt":"2022-09-25T23:54:32","slug":"linea-procesadora-de-esparragos","status":"publish","type":"page","link":"https:\/\/pregma.com.ar\/pt\/linea-procesadora-de-esparragos\/","title":{"rendered":"LINHA DE PROCESSAMENTO DE ESPARGOS"},"content":{"rendered":"<div data-elementor-type=\"wp-post\" data-elementor-id=\"440\" class=\"elementor elementor-440\">\n\t\t\t\t\t\t<section class=\"elementor-section elementor-top-section elementor-element elementor-element-883402e elementor-section-full_width elementor-section-content-middle elementor-section-height-min-height elementor-section-height-default elementor-section-items-middle\" data-id=\"883402e\" data-element_type=\"section\" data-e-type=\"section\" data-settings=\"{&quot;background_background&quot;:&quot;classic&quot;}\">\n\t\t\t\t\t\t\t<div class=\"elementor-background-overlay\"><\/div>\n\t\t\t\t\t\t\t<div class=\"elementor-container elementor-column-gap-no\">\n\t\t\t\t\t<div class=\"elementor-column elementor-col-100 elementor-top-column elementor-element elementor-element-683bff7\" data-id=\"683bff7\" data-element_type=\"column\" data-e-type=\"column\">\n\t\t\t<div class=\"elementor-widget-wrap\">\n\t\t\t\t\t\t\t<\/div>\n\t\t<\/div>\n\t\t\t\t\t<\/div>\n\t\t<\/section>\n\t\t\t\t<section class=\"elementor-section elementor-top-section elementor-element elementor-element-9a2544c elementor-section-boxed elementor-section-height-default elementor-section-height-default\" data-id=\"9a2544c\" data-element_type=\"section\" data-e-type=\"section\">\n\t\t\t\t\t\t<div class=\"elementor-container elementor-column-gap-default\">\n\t\t\t\t\t<div class=\"elementor-column elementor-col-100 elementor-top-column elementor-element elementor-element-a889912\" data-id=\"a889912\" data-element_type=\"column\" data-e-type=\"column\">\n\t\t\t<div class=\"elementor-widget-wrap elementor-element-populated\">\n\t\t\t\t\t\t<div class=\"elementor-element elementor-element-96d9c14 elementor-widget elementor-widget-heading\" data-id=\"96d9c14\" data-element_type=\"widget\" data-e-type=\"widget\" data-widget_type=\"heading.default\">\n\t\t\t\t<div class=\"elementor-widget-container\">\n\t\t\t\t\t<h2 class=\"elementor-heading-title elementor-size-default\">LINHA DE PROCESSAMENTO DE ESPARGOS<\/h2>\t\t\t\t<\/div>\n\t\t\t\t<\/div>\n\t\t\t\t<div class=\"elementor-element elementor-element-c6cd8e0 elementor-widget elementor-widget-text-editor\" data-id=\"c6cd8e0\" data-element_type=\"widget\" data-e-type=\"widget\" data-widget_type=\"text-editor.default\">\n\t\t\t\t<div class=\"elementor-widget-container\">\n\t\t\t\t\t\t\t\t\t<p>Destina-se a cortar, lavar e enxaguar o aspargo de colheita. Al\u00e9m disso, permite uma melhor sele\u00e7ao por tamanho para proceder a embalagem e, em seguida, exporta\u00e7ao o venta no mercado interno.<\/p><p>Este \u00e9 o passo previo para Hidrocoolers de refrigera\u00e7ao e seu destino final pode ser o mercado manuten\u00e7ao ou c\u00e2mara. Sua estrutura \u00e9 feita interiramente de a\u00e7o inoxid\u00e1vel AISI 304L, com placa electronico totalmente licenciado, e da correia transportadora \u00e9 impulsionado por engrenagens montadas em eixos de a\u00e7o inoxid\u00e1vel operadas por engranagem sem-fim dobro do motor e coroa.<\/p><h3>QUADROS DE ADMINISTRA\u00c7AO<\/h3><p>Oferecer solu\u00e7oes competitivas e ideias para sistemas de automa\u00e7ao e processos com os quais eles podem fazer desenhos, projectos, armados, dos pain\u00e9is de controle para diferentes tipos de m\u00e1quinas.<\/p>\t\t\t\t\t\t\t\t<\/div>\n\t\t\t\t<\/div>\n\t\t\t\t\t<\/div>\n\t\t<\/div>\n\t\t\t\t\t<\/div>\n\t\t<\/section>\n\t\t\t\t<section class=\"elementor-section elementor-top-section elementor-element elementor-element-75c47b0 elementor-section-boxed elementor-section-height-default elementor-section-height-default\" data-id=\"75c47b0\" data-element_type=\"section\" data-e-type=\"section\">\n\t\t\t\t\t\t<div class=\"elementor-container elementor-column-gap-default\">\n\t\t\t\t\t<div class=\"elementor-column elementor-col-100 elementor-top-column elementor-element elementor-element-f2424fc\" data-id=\"f2424fc\" data-element_type=\"column\" data-e-type=\"column\">\n\t\t\t<div class=\"elementor-widget-wrap elementor-element-populated\">\n\t\t\t\t\t\t<div class=\"elementor-element elementor-element-fc33383 elementor-widget__width-auto elementor-fixed elementor-widget elementor-widget-button\" data-id=\"fc33383\" data-element_type=\"widget\" data-e-type=\"widget\" data-settings=\"{&quot;_position&quot;:&quot;fixed&quot;}\" data-widget_type=\"button.default\">\n\t\t\t\t<div class=\"elementor-widget-container\">\n\t\t\t\t\t\t\t\t\t<div class=\"elementor-button-wrapper\">\n\t\t\t\t\t<a class=\"elementor-button elementor-button-link elementor-size-lg\" href=\"https:\/\/api.whatsapp.com\/send?phone=5492234661010\">\n\t\t\t\t\t\t<span class=\"elementor-button-content-wrapper\">\n\t\t\t\t\t\t<span class=\"elementor-button-icon\">\n\t\t\t\t<i aria-hidden=\"true\" class=\"fab fa-whatsapp\"><\/i>\t\t\t<\/span>\n\t\t\t\t\t\t\t\t<\/span>\n\t\t\t\t\t<\/a>\n\t\t\t\t<\/div>\n\t\t\t\t\t\t\t\t<\/div>\n\t\t\t\t<\/div>\n\t\t\t\t<div class=\"elementor-element elementor-element-7b5f3d4 elementor-align-center elementor-widget__width-auto elementor-fixed elementor-widget elementor-widget-button\" data-id=\"7b5f3d4\" data-element_type=\"widget\" data-e-type=\"widget\" data-settings=\"{&quot;_position&quot;:&quot;fixed&quot;}\" data-widget_type=\"button.default\">\n\t\t\t\t<div class=\"elementor-widget-container\">\n\t\t\t\t\t\t\t\t\t<div class=\"elementor-button-wrapper\">\n\t\t\t\t\t<a class=\"elementor-button elementor-button-link elementor-size-lg\" href=\"tel:542234661010\">\n\t\t\t\t\t\t<span class=\"elementor-button-content-wrapper\">\n\t\t\t\t\t\t<span class=\"elementor-button-icon\">\n\t\t\t\t<i aria-hidden=\"true\" class=\"fas fa-phone-volume\"><\/i>\t\t\t<\/span>\n\t\t\t\t\t\t\t\t<\/span>\n\t\t\t\t\t<\/a>\n\t\t\t\t<\/div>\n\t\t\t\t\t\t\t\t<\/div>\n\t\t\t\t<\/div>\n\t\t\t\t\t<\/div>\n\t\t<\/div>\n\t\t\t\t\t<\/div>\n\t\t<\/section>\n\t\t\t\t<\/div>","protected":false},"excerpt":{"rendered":"<p>LINEA PROCESADORA DE ESP\u00c1RRAGOS Se encuentra destinada al corte, lavado y enjuague de los esp\u00e1rragos provenientes de la cosecha. Adem\u00e1s, permite su mejor selecci\u00f3n por calibre para proceder al empaquetado y, luego, su exportaci\u00f3n o venta en el mercado interno. Este es el paso previo al enfriamiento en Hidrocoolers y su destino final que puede [&hellip;]<\/p>\n","protected":false},"author":1,"featured_media":0,"parent":0,"menu_order":0,"comment_status":"closed","ping_status":"closed","template":"","meta":{"footnotes":""},"class_list":["post-440","page","type-page","status-publish","hentry"],"_links":{"self":[{"href":"https:\/\/pregma.com.ar\/pt\/wp-json\/wp\/v2\/pages\/440","targetHints":{"allow":["GET"]}}],"collection":[{"href":"https:\/\/pregma.com.ar\/pt\/wp-json\/wp\/v2\/pages"}],"about":[{"href":"https:\/\/pregma.com.ar\/pt\/wp-json\/wp\/v2\/types\/page"}],"author":[{"embeddable":true,"href":"https:\/\/pregma.com.ar\/pt\/wp-json\/wp\/v2\/users\/1"}],"replies":[{"embeddable":true,"href":"https:\/\/pregma.com.ar\/pt\/wp-json\/wp\/v2\/comments?post=440"}],"version-history":[{"count":13,"href":"https:\/\/pregma.com.ar\/pt\/wp-json\/wp\/v2\/pages\/440\/revisions"}],"predecessor-version":[{"id":788,"href":"https:\/\/pregma.com.ar\/pt\/wp-json\/wp\/v2\/pages\/440\/revisions\/788"}],"wp:attachment":[{"href":"https:\/\/pregma.com.ar\/pt\/wp-json\/wp\/v2\/media?parent=440"}],"curies":[{"name":"wp","href":"https:\/\/api.w.org\/{rel}","templated":true}]}}