{"id":445,"date":"2022-09-19T01:24:40","date_gmt":"2022-09-19T01:24:40","guid":{"rendered":"http:\/\/pregma.com.ar\/?page_id=445"},"modified":"2022-09-26T00:20:27","modified_gmt":"2022-09-26T00:20:27","slug":"maquinas-lavadoras-llenadoras-bidones-retornables","status":"publish","type":"page","link":"https:\/\/pregma.com.ar\/pt\/maquinas-lavadoras-llenadoras-bidones-retornables\/","title":{"rendered":"M\u00c1QUINAS DE LAVAGEM E ENCHIMENTO PARA EMBALAGENS RETORN\u00c1VEIS"},"content":{"rendered":"<div data-elementor-type=\"wp-post\" data-elementor-id=\"445\" class=\"elementor elementor-445\">\n\t\t\t\t\t\t<section class=\"elementor-section elementor-top-section elementor-element elementor-element-883402e elementor-section-full_width elementor-section-content-middle elementor-section-height-min-height elementor-section-height-default elementor-section-items-middle\" data-id=\"883402e\" data-element_type=\"section\" data-e-type=\"section\" data-settings=\"{&quot;background_background&quot;:&quot;classic&quot;}\">\n\t\t\t\t\t\t\t<div class=\"elementor-background-overlay\"><\/div>\n\t\t\t\t\t\t\t<div class=\"elementor-container elementor-column-gap-no\">\n\t\t\t\t\t<div class=\"elementor-column elementor-col-100 elementor-top-column elementor-element elementor-element-683bff7\" data-id=\"683bff7\" data-element_type=\"column\" data-e-type=\"column\">\n\t\t\t<div class=\"elementor-widget-wrap\">\n\t\t\t\t\t\t\t<\/div>\n\t\t<\/div>\n\t\t\t\t\t<\/div>\n\t\t<\/section>\n\t\t\t\t<section class=\"elementor-section elementor-top-section elementor-element elementor-element-9a2544c elementor-section-boxed elementor-section-height-default elementor-section-height-default\" data-id=\"9a2544c\" data-element_type=\"section\" data-e-type=\"section\">\n\t\t\t\t\t\t<div class=\"elementor-container elementor-column-gap-default\">\n\t\t\t\t\t<div class=\"elementor-column elementor-col-100 elementor-top-column elementor-element elementor-element-a889912\" data-id=\"a889912\" data-element_type=\"column\" data-e-type=\"column\">\n\t\t\t<div class=\"elementor-widget-wrap elementor-element-populated\">\n\t\t\t\t\t\t<div class=\"elementor-element elementor-element-96d9c14 elementor-widget elementor-widget-heading\" data-id=\"96d9c14\" data-element_type=\"widget\" data-e-type=\"widget\" data-widget_type=\"heading.default\">\n\t\t\t\t<div class=\"elementor-widget-container\">\n\t\t\t\t\t<h2 class=\"elementor-heading-title elementor-size-default\">M\u00c1QUINAS DE LAVAGEM E ENCHIMENTO PARA EMBALAGENS RETORN\u00c1VEIS<\/h2>\t\t\t\t<\/div>\n\t\t\t\t<\/div>\n\t\t\t\t<div class=\"elementor-element elementor-element-c6cd8e0 elementor-widget elementor-widget-text-editor\" data-id=\"c6cd8e0\" data-element_type=\"widget\" data-e-type=\"widget\" data-widget_type=\"text-editor.default\">\n\t\t\t\t<div class=\"elementor-widget-container\">\n\t\t\t\t\t\t\t\t\t<h3>AUTOMATICAS<\/h3><p>Capacidade de 60 a 200 por hora tambores 10, 20 litros. Ao longo de capacidades.<\/p><h3>Semi-Automaticas<\/h3><p>Sa\u00edda recomendada: 30 latas de 20 litros por hora.<\/p><h3>M\u00e1uina de lavar<\/h3><ul><li>Lavar dentro e por fora, projetado com recircula\u00e7\u00e3o de \u00e1gua para lavar com temperatura e produto.<\/li><li>N\u00e3o-recircula\u00e7\u00e3o lavagem com \u00e1gua no interior e exterior.<\/li><li>Pipes lavar e enxaguar independente.<\/li><\/ul><h3>Enchedor<\/h3><p>Enchendo de corte autom\u00e1tico e tampa.<\/p>\t\t\t\t\t\t\t\t<\/div>\n\t\t\t\t<\/div>\n\t\t\t\t\t<\/div>\n\t\t<\/div>\n\t\t\t\t\t<\/div>\n\t\t<\/section>\n\t\t\t\t<section class=\"elementor-section elementor-top-section elementor-element elementor-element-1ed8982 elementor-section-boxed elementor-section-height-default elementor-section-height-default\" data-id=\"1ed8982\" data-element_type=\"section\" data-e-type=\"section\">\n\t\t\t\t\t\t<div class=\"elementor-container elementor-column-gap-default\">\n\t\t\t\t\t<div class=\"elementor-column elementor-col-100 elementor-top-column elementor-element elementor-element-9507048\" data-id=\"9507048\" data-element_type=\"column\" data-e-type=\"column\">\n\t\t\t<div class=\"elementor-widget-wrap elementor-element-populated\">\n\t\t\t\t\t\t<div class=\"elementor-element elementor-element-e78405a elementor-widget elementor-widget-heading\" data-id=\"e78405a\" data-element_type=\"widget\" data-e-type=\"widget\" data-widget_type=\"heading.default\">\n\t\t\t\t<div class=\"elementor-widget-container\">\n\t\t\t\t\t<h2 class=\"elementor-heading-title elementor-size-default\">Galeria<\/h2>\t\t\t\t<\/div>\n\t\t\t\t<\/div>\n\t\t\t\t\t<\/div>\n\t\t<\/div>\n\t\t\t\t\t<\/div>\n\t\t<\/section>\n\t\t\t\t<section class=\"elementor-section elementor-top-section elementor-element elementor-element-4281e0f elementor-section-boxed elementor-section-height-default elementor-section-height-default\" data-id=\"4281e0f\" data-element_type=\"section\" data-e-type=\"section\">\n\t\t\t\t\t\t<div class=\"elementor-container elementor-column-gap-default\">\n\t\t\t\t\t<div class=\"elementor-column elementor-col-100 elementor-top-column elementor-element elementor-element-e19fdf2\" data-id=\"e19fdf2\" data-element_type=\"column\" data-e-type=\"column\">\n\t\t\t<div class=\"elementor-widget-wrap elementor-element-populated\">\n\t\t\t\t\t\t<div class=\"elementor-element elementor-element-1f821cb gallery-spacing-custom elementor-widget elementor-widget-image-gallery\" data-id=\"1f821cb\" data-element_type=\"widget\" data-e-type=\"widget\" data-widget_type=\"image-gallery.default\">\n\t\t\t\t<div class=\"elementor-widget-container\">\n\t\t\t\t\t\t\t<div class=\"elementor-image-gallery\">\n\t\t\t<div id='gallery-1' class='gallery galleryid-445 gallery-columns-2 gallery-size-full'><figure class='gallery-item'>\n\t\t\t<div class='gallery-icon landscape'>\n\t\t\t\t<a data-elementor-open-lightbox=\"yes\" data-elementor-lightbox-slideshow=\"1f821cb\" data-e-action-hash=\"#elementor-action%3Aaction%3Dlightbox%26settings%3DeyJpZCI6NDUzLCJ1cmwiOiJodHRwczpcL1wvcHJlZ21hLmNvbS5hclwvd3AtY29udGVudFwvdXBsb2Fkc1wvMjAyMlwvMDlcL3JldG9ybmFibGVzXzAxLmpwZyIsInNsaWRlc2hvdyI6IjFmODIxY2IifQ%3D%3D\" href='https:\/\/pregma.com.ar\/wp-content\/uploads\/2022\/09\/retornables_01.jpg'><img fetchpriority=\"high\" decoding=\"async\" width=\"704\" height=\"528\" src=\"https:\/\/pregma.com.ar\/wp-content\/uploads\/2022\/09\/retornables_01.jpg\" class=\"attachment-full size-full\" alt=\"\" srcset=\"https:\/\/pregma.com.ar\/wp-content\/uploads\/2022\/09\/retornables_01.jpg 704w, https:\/\/pregma.com.ar\/wp-content\/uploads\/2022\/09\/retornables_01-300x225.jpg 300w\" sizes=\"(max-width: 704px) 100vw, 704px\" \/><\/a>\n\t\t\t<\/div><\/figure><figure class='gallery-item'>\n\t\t\t<div class='gallery-icon landscape'>\n\t\t\t\t<a data-elementor-open-lightbox=\"yes\" data-elementor-lightbox-slideshow=\"1f821cb\" data-e-action-hash=\"#elementor-action%3Aaction%3Dlightbox%26settings%3DeyJpZCI6NDU0LCJ1cmwiOiJodHRwczpcL1wvcHJlZ21hLmNvbS5hclwvd3AtY29udGVudFwvdXBsb2Fkc1wvMjAyMlwvMDlcL3JldG9ybmFibGVzXzAyLmpwZyIsInNsaWRlc2hvdyI6IjFmODIxY2IifQ%3D%3D\" href='https:\/\/pregma.com.ar\/wp-content\/uploads\/2022\/09\/retornables_02.jpg'><img decoding=\"async\" width=\"768\" height=\"576\" src=\"https:\/\/pregma.com.ar\/wp-content\/uploads\/2022\/09\/retornables_02.jpg\" class=\"attachment-full size-full\" alt=\"\" srcset=\"https:\/\/pregma.com.ar\/wp-content\/uploads\/2022\/09\/retornables_02.jpg 768w, https:\/\/pregma.com.ar\/wp-content\/uploads\/2022\/09\/retornables_02-300x225.jpg 300w\" sizes=\"(max-width: 768px) 100vw, 768px\" \/><\/a>\n\t\t\t<\/div><\/figure><figure class='gallery-item'>\n\t\t\t<div class='gallery-icon portrait'>\n\t\t\t\t<a data-elementor-open-lightbox=\"yes\" data-elementor-lightbox-slideshow=\"1f821cb\" data-e-action-hash=\"#elementor-action%3Aaction%3Dlightbox%26settings%3DeyJpZCI6NDU1LCJ1cmwiOiJodHRwczpcL1wvcHJlZ21hLmNvbS5hclwvd3AtY29udGVudFwvdXBsb2Fkc1wvMjAyMlwvMDlcL3JldG9ybmFibGVzXzAzLmpwZyIsInNsaWRlc2hvdyI6IjFmODIxY2IifQ%3D%3D\" href='https:\/\/pregma.com.ar\/wp-content\/uploads\/2022\/09\/retornables_03.jpg'><img decoding=\"async\" width=\"576\" height=\"768\" src=\"https:\/\/pregma.com.ar\/wp-content\/uploads\/2022\/09\/retornables_03.jpg\" class=\"attachment-full size-full\" alt=\"\" srcset=\"https:\/\/pregma.com.ar\/wp-content\/uploads\/2022\/09\/retornables_03.jpg 576w, https:\/\/pregma.com.ar\/wp-content\/uploads\/2022\/09\/retornables_03-225x300.jpg 225w\" sizes=\"(max-width: 576px) 100vw, 576px\" \/><\/a>\n\t\t\t<\/div><\/figure><figure class='gallery-item'>\n\t\t\t<div class='gallery-icon landscape'>\n\t\t\t\t<a data-elementor-open-lightbox=\"yes\" data-elementor-lightbox-slideshow=\"1f821cb\" data-e-action-hash=\"#elementor-action%3Aaction%3Dlightbox%26settings%3DeyJpZCI6NjUwLCJ1cmwiOiJodHRwczpcL1wvcHJlZ21hLmNvbS5hclwvd3AtY29udGVudFwvdXBsb2Fkc1wvMjAyMlwvMDlcL01hcXVpbmFzLWxhdmFkb3JhLXktbGxlbmFkb3Jhcy1wYXJhLWJpZG9uZXMtcmV0b3JuYWJsZXMuanBnIiwic2xpZGVzaG93IjoiMWY4MjFjYiJ9\" href='https:\/\/pregma.com.ar\/wp-content\/uploads\/2022\/09\/Maquinas-lavadora-y-llenadoras-para-bidones-retornables.jpg'><img loading=\"lazy\" decoding=\"async\" width=\"960\" height=\"720\" src=\"https:\/\/pregma.com.ar\/wp-content\/uploads\/2022\/09\/Maquinas-lavadora-y-llenadoras-para-bidones-retornables.jpg\" class=\"attachment-full size-full\" alt=\"\" srcset=\"https:\/\/pregma.com.ar\/wp-content\/uploads\/2022\/09\/Maquinas-lavadora-y-llenadoras-para-bidones-retornables.jpg 960w, https:\/\/pregma.com.ar\/wp-content\/uploads\/2022\/09\/Maquinas-lavadora-y-llenadoras-para-bidones-retornables-300x225.jpg 300w, https:\/\/pregma.com.ar\/wp-content\/uploads\/2022\/09\/Maquinas-lavadora-y-llenadoras-para-bidones-retornables-768x576.jpg 768w\" sizes=\"(max-width: 960px) 100vw, 960px\" \/><\/a>\n\t\t\t<\/div><\/figure>\n\t\t<\/div>\n\t\t<\/div>\n\t\t\t\t\t\t<\/div>\n\t\t\t\t<\/div>\n\t\t\t\t\t<\/div>\n\t\t<\/div>\n\t\t\t\t\t<\/div>\n\t\t<\/section>\n\t\t\t\t<section class=\"elementor-section elementor-top-section elementor-element elementor-element-75c47b0 elementor-section-boxed elementor-section-height-default elementor-section-height-default\" data-id=\"75c47b0\" data-element_type=\"section\" data-e-type=\"section\">\n\t\t\t\t\t\t<div class=\"elementor-container elementor-column-gap-default\">\n\t\t\t\t\t<div class=\"elementor-column elementor-col-100 elementor-top-column elementor-element elementor-element-f2424fc\" data-id=\"f2424fc\" data-element_type=\"column\" data-e-type=\"column\">\n\t\t\t<div class=\"elementor-widget-wrap elementor-element-populated\">\n\t\t\t\t\t\t<div class=\"elementor-element elementor-element-fc33383 elementor-widget__width-auto elementor-fixed elementor-widget elementor-widget-button\" data-id=\"fc33383\" data-element_type=\"widget\" data-e-type=\"widget\" data-settings=\"{&quot;_position&quot;:&quot;fixed&quot;}\" data-widget_type=\"button.default\">\n\t\t\t\t<div class=\"elementor-widget-container\">\n\t\t\t\t\t\t\t\t\t<div class=\"elementor-button-wrapper\">\n\t\t\t\t\t<a class=\"elementor-button elementor-button-link elementor-size-lg\" href=\"https:\/\/api.whatsapp.com\/send?phone=5492234661010\">\n\t\t\t\t\t\t<span class=\"elementor-button-content-wrapper\">\n\t\t\t\t\t\t<span class=\"elementor-button-icon\">\n\t\t\t\t<i aria-hidden=\"true\" class=\"fab fa-whatsapp\"><\/i>\t\t\t<\/span>\n\t\t\t\t\t\t\t\t<\/span>\n\t\t\t\t\t<\/a>\n\t\t\t\t<\/div>\n\t\t\t\t\t\t\t\t<\/div>\n\t\t\t\t<\/div>\n\t\t\t\t<div class=\"elementor-element elementor-element-7b5f3d4 elementor-align-center elementor-widget__width-auto elementor-fixed elementor-widget elementor-widget-button\" data-id=\"7b5f3d4\" data-element_type=\"widget\" data-e-type=\"widget\" data-settings=\"{&quot;_position&quot;:&quot;fixed&quot;}\" data-widget_type=\"button.default\">\n\t\t\t\t<div class=\"elementor-widget-container\">\n\t\t\t\t\t\t\t\t\t<div class=\"elementor-button-wrapper\">\n\t\t\t\t\t<a class=\"elementor-button elementor-button-link elementor-size-lg\" href=\"tel:542234661010\">\n\t\t\t\t\t\t<span class=\"elementor-button-content-wrapper\">\n\t\t\t\t\t\t<span class=\"elementor-button-icon\">\n\t\t\t\t<i aria-hidden=\"true\" class=\"fas fa-phone-volume\"><\/i>\t\t\t<\/span>\n\t\t\t\t\t\t\t\t<\/span>\n\t\t\t\t\t<\/a>\n\t\t\t\t<\/div>\n\t\t\t\t\t\t\t\t<\/div>\n\t\t\t\t<\/div>\n\t\t\t\t\t<\/div>\n\t\t<\/div>\n\t\t\t\t\t<\/div>\n\t\t<\/section>\n\t\t\t\t<\/div>","protected":false},"excerpt":{"rendered":"<p>M\u00c1QUINAS LAVADORAS Y LLENADORAS DE BIDONES RETORNABLES AUTOMATICAS Capacidad desde 60 a 200 bidones por hora de 10, 20 litros. En toda las capacidades. SEMI\u00adAUTOMATICAS Producci\u00f3n recomendada: 30 bidones de 20 litros por hora. LAVADORA Lavadora interior y exterior, con agua recirculante disenada para lavar con temperatura y producto. Enjuague interior y exterior con agua [&hellip;]<\/p>\n","protected":false},"author":1,"featured_media":0,"parent":0,"menu_order":0,"comment_status":"closed","ping_status":"closed","template":"","meta":{"footnotes":""},"class_list":["post-445","page","type-page","status-publish","hentry"],"_links":{"self":[{"href":"https:\/\/pregma.com.ar\/pt\/wp-json\/wp\/v2\/pages\/445","targetHints":{"allow":["GET"]}}],"collection":[{"href":"https:\/\/pregma.com.ar\/pt\/wp-json\/wp\/v2\/pages"}],"about":[{"href":"https:\/\/pregma.com.ar\/pt\/wp-json\/wp\/v2\/types\/page"}],"author":[{"embeddable":true,"href":"https:\/\/pregma.com.ar\/pt\/wp-json\/wp\/v2\/users\/1"}],"replies":[{"embeddable":true,"href":"https:\/\/pregma.com.ar\/pt\/wp-json\/wp\/v2\/comments?post=445"}],"version-history":[{"count":26,"href":"https:\/\/pregma.com.ar\/pt\/wp-json\/wp\/v2\/pages\/445\/revisions"}],"predecessor-version":[{"id":860,"href":"https:\/\/pregma.com.ar\/pt\/wp-json\/wp\/v2\/pages\/445\/revisions\/860"}],"wp:attachment":[{"href":"https:\/\/pregma.com.ar\/pt\/wp-json\/wp\/v2\/media?parent=445"}],"curies":[{"name":"wp","href":"https:\/\/api.w.org\/{rel}","templated":true}]}}