{"id":478,"date":"2022-09-19T01:40:42","date_gmt":"2022-09-19T01:40:42","guid":{"rendered":"http:\/\/pregma.com.ar\/?page_id=478"},"modified":"2022-09-27T01:12:01","modified_gmt":"2022-09-27T01:12:01","slug":"gabinetes-de-control","status":"publish","type":"page","link":"https:\/\/pregma.com.ar\/pt\/gabinetes-de-control\/","title":{"rendered":"QUADROS DE ADMINISTRA\u00c7AO"},"content":{"rendered":"<div data-elementor-type=\"wp-post\" data-elementor-id=\"478\" class=\"elementor elementor-478\">\n\t\t\t\t\t\t<section class=\"elementor-section elementor-top-section elementor-element elementor-element-883402e elementor-section-full_width elementor-section-content-middle elementor-section-height-min-height elementor-section-height-default elementor-section-items-middle\" data-id=\"883402e\" data-element_type=\"section\" data-e-type=\"section\" data-settings=\"{&quot;background_background&quot;:&quot;classic&quot;}\">\n\t\t\t\t\t\t\t<div class=\"elementor-background-overlay\"><\/div>\n\t\t\t\t\t\t\t<div class=\"elementor-container elementor-column-gap-no\">\n\t\t\t\t\t<div class=\"elementor-column elementor-col-100 elementor-top-column elementor-element elementor-element-683bff7\" data-id=\"683bff7\" data-element_type=\"column\" data-e-type=\"column\">\n\t\t\t<div class=\"elementor-widget-wrap\">\n\t\t\t\t\t\t\t<\/div>\n\t\t<\/div>\n\t\t\t\t\t<\/div>\n\t\t<\/section>\n\t\t\t\t<section class=\"elementor-section elementor-top-section elementor-element elementor-element-9a2544c elementor-section-boxed elementor-section-height-default elementor-section-height-default\" data-id=\"9a2544c\" data-element_type=\"section\" data-e-type=\"section\">\n\t\t\t\t\t\t<div class=\"elementor-container elementor-column-gap-default\">\n\t\t\t\t\t<div class=\"elementor-column elementor-col-100 elementor-top-column elementor-element elementor-element-a889912\" data-id=\"a889912\" data-element_type=\"column\" data-e-type=\"column\">\n\t\t\t<div class=\"elementor-widget-wrap elementor-element-populated\">\n\t\t\t\t\t\t<div class=\"elementor-element elementor-element-96d9c14 elementor-widget elementor-widget-heading\" data-id=\"96d9c14\" data-element_type=\"widget\" data-e-type=\"widget\" data-widget_type=\"heading.default\">\n\t\t\t\t<div class=\"elementor-widget-container\">\n\t\t\t\t\t<h2 class=\"elementor-heading-title elementor-size-default\">QUADROS DE<br>ADMINISTRA\u00c7\u00c3O<\/h2>\t\t\t\t<\/div>\n\t\t\t\t<\/div>\n\t\t\t\t<div class=\"elementor-element elementor-element-c6cd8e0 elementor-widget elementor-widget-text-editor\" data-id=\"c6cd8e0\" data-element_type=\"widget\" data-e-type=\"widget\" data-widget_type=\"text-editor.default\">\n\t\t\t\t<div class=\"elementor-widget-container\">\n\t\t\t\t\t\t\t\t\t<p>N\u00f3s oferecemos solu\u00e7\u00f5es competitivas e ideais para sistemas e automa\u00e7\u00e3o de processos.<\/p><p>Atrav\u00e9s deles voc\u00ea pode fazer desenhos, projetos, armado, instala\u00e7\u00e3o e comissionamento dos pain\u00e9is de controle para diferentes tipos de m\u00e1quinas.<\/p>\t\t\t\t\t\t\t\t<\/div>\n\t\t\t\t<\/div>\n\t\t\t\t\t<\/div>\n\t\t<\/div>\n\t\t\t\t\t<\/div>\n\t\t<\/section>\n\t\t\t\t<section class=\"elementor-section elementor-top-section elementor-element elementor-element-1ed8982 elementor-section-boxed elementor-section-height-default elementor-section-height-default\" data-id=\"1ed8982\" data-element_type=\"section\" data-e-type=\"section\">\n\t\t\t\t\t\t<div class=\"elementor-container elementor-column-gap-default\">\n\t\t\t\t\t<div class=\"elementor-column elementor-col-100 elementor-top-column elementor-element elementor-element-9507048\" data-id=\"9507048\" data-element_type=\"column\" data-e-type=\"column\">\n\t\t\t<div class=\"elementor-widget-wrap elementor-element-populated\">\n\t\t\t\t\t\t<div class=\"elementor-element elementor-element-e78405a elementor-widget elementor-widget-heading\" data-id=\"e78405a\" data-element_type=\"widget\" data-e-type=\"widget\" data-widget_type=\"heading.default\">\n\t\t\t\t<div class=\"elementor-widget-container\">\n\t\t\t\t\t<h2 class=\"elementor-heading-title elementor-size-default\">Galeria<\/h2>\t\t\t\t<\/div>\n\t\t\t\t<\/div>\n\t\t\t\t\t<\/div>\n\t\t<\/div>\n\t\t\t\t\t<\/div>\n\t\t<\/section>\n\t\t\t\t<section class=\"elementor-section elementor-top-section elementor-element elementor-element-4281e0f elementor-section-boxed elementor-section-height-default elementor-section-height-default\" data-id=\"4281e0f\" data-element_type=\"section\" data-e-type=\"section\">\n\t\t\t\t\t\t<div class=\"elementor-container elementor-column-gap-default\">\n\t\t\t\t\t<div class=\"elementor-column elementor-col-100 elementor-top-column elementor-element elementor-element-e19fdf2\" data-id=\"e19fdf2\" data-element_type=\"column\" data-e-type=\"column\">\n\t\t\t<div class=\"elementor-widget-wrap elementor-element-populated\">\n\t\t\t\t\t\t<div class=\"elementor-element elementor-element-1f821cb gallery-spacing-custom elementor-widget elementor-widget-image-gallery\" data-id=\"1f821cb\" data-element_type=\"widget\" data-e-type=\"widget\" data-widget_type=\"image-gallery.default\">\n\t\t\t\t<div class=\"elementor-widget-container\">\n\t\t\t\t\t\t\t<div class=\"elementor-image-gallery\">\n\t\t\t<div id='gallery-1' class='gallery galleryid-478 gallery-columns-2 gallery-size-full'><figure class='gallery-item'>\n\t\t\t<div class='gallery-icon landscape'>\n\t\t\t\t<a data-elementor-open-lightbox=\"yes\" data-elementor-lightbox-slideshow=\"1f821cb\" data-e-action-hash=\"#elementor-action%3Aaction%3Dlightbox%26settings%3DeyJpZCI6NDgyLCJ1cmwiOiJodHRwczpcL1wvcHJlZ21hLmNvbS5hclwvd3AtY29udGVudFwvdXBsb2Fkc1wvMjAyMlwvMDlcL2dhYmluZXRlX3NsaWRlcl8wMi0xLmpwZyIsInNsaWRlc2hvdyI6IjFmODIxY2IifQ%3D%3D\" href='https:\/\/pregma.com.ar\/wp-content\/uploads\/2022\/09\/gabinete_slider_02-1.jpg'><img fetchpriority=\"high\" decoding=\"async\" width=\"960\" height=\"400\" src=\"https:\/\/pregma.com.ar\/wp-content\/uploads\/2022\/09\/gabinete_slider_02-1.jpg\" class=\"attachment-full size-full\" alt=\"\" srcset=\"https:\/\/pregma.com.ar\/wp-content\/uploads\/2022\/09\/gabinete_slider_02-1.jpg 960w, https:\/\/pregma.com.ar\/wp-content\/uploads\/2022\/09\/gabinete_slider_02-1-300x125.jpg 300w, https:\/\/pregma.com.ar\/wp-content\/uploads\/2022\/09\/gabinete_slider_02-1-768x320.jpg 768w\" sizes=\"(max-width: 960px) 100vw, 960px\" \/><\/a>\n\t\t\t<\/div><\/figure><figure class='gallery-item'>\n\t\t\t<div class='gallery-icon landscape'>\n\t\t\t\t<a data-elementor-open-lightbox=\"yes\" data-elementor-lightbox-slideshow=\"1f821cb\" data-e-action-hash=\"#elementor-action%3Aaction%3Dlightbox%26settings%3DeyJpZCI6NDgzLCJ1cmwiOiJodHRwczpcL1wvcHJlZ21hLmNvbS5hclwvd3AtY29udGVudFwvdXBsb2Fkc1wvMjAyMlwvMDlcL2dhYmluZXRlX3NsaWRlcl8wMS5qcGciLCJzbGlkZXNob3ciOiIxZjgyMWNiIn0%3D\" href='https:\/\/pregma.com.ar\/wp-content\/uploads\/2022\/09\/gabinete_slider_01.jpg'><img decoding=\"async\" width=\"960\" height=\"400\" src=\"https:\/\/pregma.com.ar\/wp-content\/uploads\/2022\/09\/gabinete_slider_01.jpg\" class=\"attachment-full size-full\" alt=\"\" srcset=\"https:\/\/pregma.com.ar\/wp-content\/uploads\/2022\/09\/gabinete_slider_01.jpg 960w, https:\/\/pregma.com.ar\/wp-content\/uploads\/2022\/09\/gabinete_slider_01-300x125.jpg 300w, https:\/\/pregma.com.ar\/wp-content\/uploads\/2022\/09\/gabinete_slider_01-768x320.jpg 768w\" sizes=\"(max-width: 960px) 100vw, 960px\" \/><\/a>\n\t\t\t<\/div><\/figure>\n\t\t<\/div>\n\t\t<\/div>\n\t\t\t\t\t\t<\/div>\n\t\t\t\t<\/div>\n\t\t\t\t\t<\/div>\n\t\t<\/div>\n\t\t\t\t\t<\/div>\n\t\t<\/section>\n\t\t\t\t<section class=\"elementor-section elementor-top-section elementor-element elementor-element-75c47b0 elementor-section-boxed elementor-section-height-default elementor-section-height-default\" data-id=\"75c47b0\" data-element_type=\"section\" data-e-type=\"section\">\n\t\t\t\t\t\t<div class=\"elementor-container elementor-column-gap-default\">\n\t\t\t\t\t<div class=\"elementor-column elementor-col-100 elementor-top-column elementor-element elementor-element-f2424fc\" data-id=\"f2424fc\" data-element_type=\"column\" data-e-type=\"column\">\n\t\t\t<div class=\"elementor-widget-wrap elementor-element-populated\">\n\t\t\t\t\t\t<div class=\"elementor-element elementor-element-fc33383 elementor-widget__width-auto elementor-fixed elementor-widget elementor-widget-button\" data-id=\"fc33383\" data-element_type=\"widget\" data-e-type=\"widget\" data-settings=\"{&quot;_position&quot;:&quot;fixed&quot;}\" data-widget_type=\"button.default\">\n\t\t\t\t<div class=\"elementor-widget-container\">\n\t\t\t\t\t\t\t\t\t<div class=\"elementor-button-wrapper\">\n\t\t\t\t\t<a class=\"elementor-button elementor-button-link elementor-size-lg\" href=\"https:\/\/api.whatsapp.com\/send?phone=5492234661010\">\n\t\t\t\t\t\t<span class=\"elementor-button-content-wrapper\">\n\t\t\t\t\t\t<span class=\"elementor-button-icon\">\n\t\t\t\t<i aria-hidden=\"true\" class=\"fab fa-whatsapp\"><\/i>\t\t\t<\/span>\n\t\t\t\t\t\t\t\t<\/span>\n\t\t\t\t\t<\/a>\n\t\t\t\t<\/div>\n\t\t\t\t\t\t\t\t<\/div>\n\t\t\t\t<\/div>\n\t\t\t\t<div class=\"elementor-element elementor-element-7b5f3d4 elementor-align-center elementor-widget__width-auto elementor-fixed elementor-widget elementor-widget-button\" data-id=\"7b5f3d4\" data-element_type=\"widget\" data-e-type=\"widget\" data-settings=\"{&quot;_position&quot;:&quot;fixed&quot;}\" data-widget_type=\"button.default\">\n\t\t\t\t<div class=\"elementor-widget-container\">\n\t\t\t\t\t\t\t\t\t<div class=\"elementor-button-wrapper\">\n\t\t\t\t\t<a class=\"elementor-button elementor-button-link elementor-size-lg\" href=\"tel:542234661010\">\n\t\t\t\t\t\t<span class=\"elementor-button-content-wrapper\">\n\t\t\t\t\t\t<span class=\"elementor-button-icon\">\n\t\t\t\t<i aria-hidden=\"true\" class=\"fas fa-phone-volume\"><\/i>\t\t\t<\/span>\n\t\t\t\t\t\t\t\t<\/span>\n\t\t\t\t\t<\/a>\n\t\t\t\t<\/div>\n\t\t\t\t\t\t\t\t<\/div>\n\t\t\t\t<\/div>\n\t\t\t\t\t<\/div>\n\t\t<\/div>\n\t\t\t\t\t<\/div>\n\t\t<\/section>\n\t\t\t\t<\/div>","protected":false},"excerpt":{"rendered":"<p>GABINETES DECONTROL Ofrecemos soluciones competitivas y optimas para los sistemas y procesos de automatizaci\u00f3n. A trav\u00e9s de ella se pueden realizar dise\u00f1os, proyectos, armados, montajes y puestas en marcha de tableros de control para distintos tipos de maquinas. Galer\u00eda de fotos<\/p>","protected":false},"author":1,"featured_media":0,"parent":0,"menu_order":0,"comment_status":"closed","ping_status":"closed","template":"","meta":{"footnotes":""},"class_list":["post-478","page","type-page","status-publish","hentry"],"_links":{"self":[{"href":"https:\/\/pregma.com.ar\/pt\/wp-json\/wp\/v2\/pages\/478","targetHints":{"allow":["GET"]}}],"collection":[{"href":"https:\/\/pregma.com.ar\/pt\/wp-json\/wp\/v2\/pages"}],"about":[{"href":"https:\/\/pregma.com.ar\/pt\/wp-json\/wp\/v2\/types\/page"}],"author":[{"embeddable":true,"href":"https:\/\/pregma.com.ar\/pt\/wp-json\/wp\/v2\/users\/1"}],"replies":[{"embeddable":true,"href":"https:\/\/pregma.com.ar\/pt\/wp-json\/wp\/v2\/comments?post=478"}],"version-history":[{"count":22,"href":"https:\/\/pregma.com.ar\/pt\/wp-json\/wp\/v2\/pages\/478\/revisions"}],"predecessor-version":[{"id":890,"href":"https:\/\/pregma.com.ar\/pt\/wp-json\/wp\/v2\/pages\/478\/revisions\/890"}],"wp:attachment":[{"href":"https:\/\/pregma.com.ar\/pt\/wp-json\/wp\/v2\/media?parent=478"}],"curies":[{"name":"wp","href":"https:\/\/api.w.org\/{rel}","templated":true}]}}